{"id":137,"date":"2015-12-02T08:19:06","date_gmt":"2015-12-02T08:19:06","guid":{"rendered":"http:\/\/zimmerer-holzbauer.de\/web\/?page_id=137"},"modified":"2016-01-19T07:39:19","modified_gmt":"2016-01-19T07:39:19","slug":"unsere-innung","status":"publish","type":"page","link":"https:\/\/zimmerer-holzbauer.de\/web\/unsere-innung\/","title":{"rendered":"Unsere Innung"},"content":{"rendered":"<p><b>Die Innungsbetriebe der Zimmerer-Innung G\u00fctersloh b\u00fcrgen f\u00fcr handwerkliche Qualit\u00e4t.\u00a0<\/b><\/p>\n<p><b><i>Wenden\u00a0Sie sich also vertrauensvoll an einen\u00a0Innungs-Fachbetrieb! <\/i><\/b><em><strong>Er steht f\u00fcr:<\/strong><\/em><\/p>\n<ul>\n<li>Qualit\u00e4t uns Leistungsst\u00e4rke<\/li>\n<li>Individualit\u00e4t und Innovation<\/li>\n<li>Soziale Verantwortung und regionales Engagement<\/li>\n<\/ul>\n<p>Gehen Sie also nicht zu irgendwem, sondern zu einem Fachbetrieb unserer Innung\u00a0<span style=\"color: #ff0000;\"><a style=\"color: #ff0000;\" href=\"https:\/\/zimmerer-holzbauer.de\/web\/betriebssuche\/\" target=\"_blank\">in Ihrer n\u00e4heren Umgebung<\/a><\/span>\u2013 auch dann, wenn Sie nur einen Rat oder eine Auskunft wollen.<\/p>\n","protected":false},"excerpt":{"rendered":"<p>Die Innungsbetriebe der Zimmerer-Innung G\u00fctersloh b\u00fcrgen f\u00fcr handwerkliche Qualit\u00e4t.\u00a0 Wenden\u00a0Sie sich also vertrauensvoll an einen\u00a0Innungs-Fachbetrieb! Er steht f\u00fcr: Qualit\u00e4t uns Leistungsst\u00e4rke Individualit\u00e4t und Innovation Soziale Verantwortung und regionales Engagement Gehen Sie also nicht zu irgendwem, sondern zu einem Fachbetrieb unserer Innung\u00a0in Ihrer n\u00e4heren Umgebung\u2013 auch dann, wenn Sie nur einen Rat oder eine Auskunft wollen.<\/p>\n","protected":false},"author":1,"featured_media":0,"parent":0,"menu_order":0,"comment_status":"closed","ping_status":"closed","template":"","meta":[],"_links":{"self":[{"href":"https:\/\/zimmerer-holzbauer.de\/web\/wp-json\/wp\/v2\/pages\/137"}],"collection":[{"href":"https:\/\/zimmerer-holzbauer.de\/web\/wp-json\/wp\/v2\/pages"}],"about":[{"href":"https:\/\/zimmerer-holzbauer.de\/web\/wp-json\/wp\/v2\/types\/page"}],"author":[{"embeddable":true,"href":"https:\/\/zimmerer-holzbauer.de\/web\/wp-json\/wp\/v2\/users\/1"}],"replies":[{"embeddable":true,"href":"https:\/\/zimmerer-holzbauer.de\/web\/wp-json\/wp\/v2\/comments?post=137"}],"version-history":[{"count":2,"href":"https:\/\/zimmerer-holzbauer.de\/web\/wp-json\/wp\/v2\/pages\/137\/revisions"}],"predecessor-version":[{"id":185,"href":"https:\/\/zimmerer-holzbauer.de\/web\/wp-json\/wp\/v2\/pages\/137\/revisions\/185"}],"wp:attachment":[{"href":"https:\/\/zimmerer-holzbauer.de\/web\/wp-json\/wp\/v2\/media?parent=137"}],"curies":[{"name":"wp","href":"https:\/\/api.w.org\/{rel}","templated":true}]}}