{"id":175,"date":"2016-01-18T08:26:22","date_gmt":"2016-01-18T08:26:22","guid":{"rendered":"http:\/\/zimmerer-holzbauer.de\/web\/?page_id=175"},"modified":"2022-09-16T08:53:26","modified_gmt":"2022-09-16T08:53:26","slug":"kostenfreie-unfallversicherung","status":"publish","type":"page","link":"https:\/\/zimmerer-holzbauer.de\/web\/kostenfreie-unfallversicherung\/","title":{"rendered":"Kostenfreie Unfallversicherung"},"content":{"rendered":"<p><strong>Kostenfreie Unfallversicherung f\u00fcr neue Auszubildende<\/strong><\/p>\n<p>Alle neuen Auszubildenden in den Innungsbetrieben des Handwerks im Kreis G\u00fctersloh erhalten einen kostenfreien Unfallversicherungsschutz f\u00fcr die gesamte Dauer der Lehrzeit.<\/p>\n<p>Vor dem Hintergrund des immer st\u00e4rker zu sp\u00fcrenden Wettbewerbs auf dem Ausbildungsmarkt m\u00f6chten die Betriebe mit dieser Zusatzleistung ein weiteres Argument f\u00fcr die Ausbildung im Handwerk bieten. Der Schutz, der \u00fcber das Versorgungswerk der Kreishandwerkerschaft mit dem Partner Signal Iduna zur Verf\u00fcgung gestellt wird, bezieht sich auf alle Unf\u00e4lle des t\u00e4glichen Lebens, er gilt also ausdr\u00fccklich nicht nur f\u00fcr den Arbeitsbereich.<\/p>\n<p>Mit diesem Angebot m\u00f6chten die Handwerker auch eine h\u00e4ufig bestehende Versicherungsl\u00fccke schlie\u00dfen, da viele Auszubildende noch keine pers\u00f6nliche Unfallversicherung abgeschlossen haben. Die Erfahrung zeigt jedoch, dass Lehrlinge aufgrund ihres Alters gerade auch im privaten Umfeld risikobereiter und z.B. h\u00e4ufiger in Unf\u00e4lle verwickelt sind.<\/p>\n<ul>\n<li><span style=\"color: #ff0000;\"><a href=\"https:\/\/zimmerer-holzbauer.de\/web\/download\/Einwilligungserklaerung-UV-Schutz-ohne-Lehrvertragsunterlagen2022.pdf\" rel=\"noopener noreferrer\">Einwilligungserkl\u00e4rung des Versorgungswerkes<\/a><\/span><\/li>\n<\/ul>\n","protected":false},"excerpt":{"rendered":"<p>Kostenfreie Unfallversicherung f\u00fcr neue Auszubildende Alle neuen Auszubildenden in den Innungsbetrieben des Handwerks im Kreis G\u00fctersloh erhalten einen kostenfreien Unfallversicherungsschutz f\u00fcr die gesamte Dauer der Lehrzeit. Vor dem Hintergrund des immer st\u00e4rker zu sp\u00fcrenden Wettbewerbs auf dem Ausbildungsmarkt m\u00f6chten die Betriebe mit dieser Zusatzleistung ein weiteres Argument f\u00fcr die Ausbildung im Handwerk bieten. Der Schutz, [&hellip;]<\/p>\n","protected":false},"author":1,"featured_media":0,"parent":0,"menu_order":0,"comment_status":"closed","ping_status":"closed","template":"","meta":[],"_links":{"self":[{"href":"https:\/\/zimmerer-holzbauer.de\/web\/wp-json\/wp\/v2\/pages\/175"}],"collection":[{"href":"https:\/\/zimmerer-holzbauer.de\/web\/wp-json\/wp\/v2\/pages"}],"about":[{"href":"https:\/\/zimmerer-holzbauer.de\/web\/wp-json\/wp\/v2\/types\/page"}],"author":[{"embeddable":true,"href":"https:\/\/zimmerer-holzbauer.de\/web\/wp-json\/wp\/v2\/users\/1"}],"replies":[{"embeddable":true,"href":"https:\/\/zimmerer-holzbauer.de\/web\/wp-json\/wp\/v2\/comments?post=175"}],"version-history":[{"count":6,"href":"https:\/\/zimmerer-holzbauer.de\/web\/wp-json\/wp\/v2\/pages\/175\/revisions"}],"predecessor-version":[{"id":661,"href":"https:\/\/zimmerer-holzbauer.de\/web\/wp-json\/wp\/v2\/pages\/175\/revisions\/661"}],"wp:attachment":[{"href":"https:\/\/zimmerer-holzbauer.de\/web\/wp-json\/wp\/v2\/media?parent=175"}],"curies":[{"name":"wp","href":"https:\/\/api.w.org\/{rel}","templated":true}]}}