{"id":24,"date":"2015-10-11T23:39:36","date_gmt":"2015-10-11T23:39:36","guid":{"rendered":"http:\/\/zimmerer-holzbauer.de\/web\/?page_id=24"},"modified":"2015-10-11T23:39:36","modified_gmt":"2015-10-11T23:39:36","slug":"baustoff-holz","status":"publish","type":"page","link":"https:\/\/zimmerer-holzbauer.de\/web\/baustoff-holz\/","title":{"rendered":"Baustoff Holz"},"content":{"rendered":"<p><img decoding=\"async\" loading=\"lazy\" class=\"alignnone size-full wp-image-25\" src=\"https:\/\/zimmerer-holzbauer.de\/web\/wp-content\/uploads\/2015\/10\/holz.jpg\" alt=\"holz\" width=\"800\" height=\"326\" srcset=\"https:\/\/zimmerer-holzbauer.de\/web\/wp-content\/uploads\/2015\/10\/holz.jpg 800w, https:\/\/zimmerer-holzbauer.de\/web\/wp-content\/uploads\/2015\/10\/holz-525x214.jpg 525w\" sizes=\"(max-width: 800px) 100vw, 800px\" \/><\/p>\n<p>Holz ist einer der vielseitigsten Baustoffe. Es kann auf die verschiedenartigsten Einsatzzwecke \u2013 im wahrsten Sinne des Wortes \u2013 zugeschnitten werden. Vollholz, Brettschichtholz, Holzwerkstoffe, Trockenbau- und D\u00e4mmstoffe lassen sich leicht und rationell verarbeiten. Das geringe Gewicht des Holzes, gekoppelt mit hoher Festigkeit, erlaubt sparsame Gr\u00fcndungen und schlanke Bemessungen.<br \/>\nHolz ist atmungsaktiv und von geringer W\u00e4rmeleitf\u00e4higkeit. Es integriert sich gut in w\u00e4rme- und schalld\u00e4mmende Ma\u00dfnahmen. Seine lang anhaltende Tragf\u00e4higkeit im Brandfall, seine Resistenz gegen aggressive Atmosph\u00e4re und seine Haltbarkeit machen es zu einem Baustoff von hoher Wirtschaftlichkeit.<\/p>\n<p>Bauen mit Holz setzt Akzente in der Architektur. Als Haus, als Halle, als Br\u00fccke, als Freizeitanlage \u2013 mit der Bautechnik von heute ein St\u00fcck nat\u00fcrliche Umwelt.<\/p>\n<p><strong>Nachwachsender Rohstoff<\/strong><\/p>\n<p><span class=\"text_bl_12\">Der Wald hat wesentliche Aufgaben in \u00d6konomie und \u00d6kologie. Er speichert CO2, verbessert Klima, Boden und Wasserhaushalt. Er ist Biotop f\u00fcr Pflanzen, Tiere und Menschen.\u00a0<\/span><span class=\"text_bl_12\">In unserer nachhaltigen Waldbewirtschaftung wird h\u00f6chstens soviel Holz entnommen, wie nachw\u00e4chst. Die Ausnutzung mit Schnittholz, Holzwerkstoffen, Holz- und Rindenprodukten ist fast zu 100 Prozent.\u00a0<\/span><span class=\"text_bl_12\">Bei der Bearbeitung erfordert Holz zudem nur geringen Energieaufwand. Schweizer Untersuchungen zufolge ben\u00f6tigen die Produkte f\u00fcr eine Au\u00dfenwand in Holz halb soviel Energie wie die f\u00fcr konventionelle Bauweise.<\/span><\/p>\n","protected":false},"excerpt":{"rendered":"<p>Holz ist einer der vielseitigsten Baustoffe. Es kann auf die verschiedenartigsten Einsatzzwecke \u2013 im wahrsten Sinne des Wortes \u2013 zugeschnitten werden. Vollholz, Brettschichtholz, Holzwerkstoffe, Trockenbau- und D\u00e4mmstoffe lassen sich leicht und rationell verarbeiten. Das geringe Gewicht des Holzes, gekoppelt mit hoher Festigkeit, erlaubt sparsame Gr\u00fcndungen und schlanke Bemessungen. Holz ist atmungsaktiv und von geringer W\u00e4rmeleitf\u00e4higkeit. [&hellip;]<\/p>\n","protected":false},"author":1,"featured_media":0,"parent":0,"menu_order":0,"comment_status":"closed","ping_status":"closed","template":"","meta":[],"_links":{"self":[{"href":"https:\/\/zimmerer-holzbauer.de\/web\/wp-json\/wp\/v2\/pages\/24"}],"collection":[{"href":"https:\/\/zimmerer-holzbauer.de\/web\/wp-json\/wp\/v2\/pages"}],"about":[{"href":"https:\/\/zimmerer-holzbauer.de\/web\/wp-json\/wp\/v2\/types\/page"}],"author":[{"embeddable":true,"href":"https:\/\/zimmerer-holzbauer.de\/web\/wp-json\/wp\/v2\/users\/1"}],"replies":[{"embeddable":true,"href":"https:\/\/zimmerer-holzbauer.de\/web\/wp-json\/wp\/v2\/comments?post=24"}],"version-history":[{"count":1,"href":"https:\/\/zimmerer-holzbauer.de\/web\/wp-json\/wp\/v2\/pages\/24\/revisions"}],"predecessor-version":[{"id":26,"href":"https:\/\/zimmerer-holzbauer.de\/web\/wp-json\/wp\/v2\/pages\/24\/revisions\/26"}],"wp:attachment":[{"href":"https:\/\/zimmerer-holzbauer.de\/web\/wp-json\/wp\/v2\/media?parent=24"}],"curies":[{"name":"wp","href":"https:\/\/api.w.org\/{rel}","templated":true}]}}