{"id":27,"date":"2015-10-11T23:40:57","date_gmt":"2015-10-11T23:40:57","guid":{"rendered":"http:\/\/zimmerer-holzbauer.de\/web\/?page_id=27"},"modified":"2015-10-21T08:22:29","modified_gmt":"2015-10-21T08:22:29","slug":"ihre-vorteile","status":"publish","type":"page","link":"https:\/\/zimmerer-holzbauer.de\/web\/ihre-vorteile\/","title":{"rendered":"Ihre Vorteile"},"content":{"rendered":"<p><img decoding=\"async\" loading=\"lazy\" class=\"alignnone size-medium wp-image-28\" src=\"https:\/\/zimmerer-holzbauer.de\/web\/wp-content\/uploads\/2015\/10\/slide1-900x600.jpg\" alt=\"Haus\" width=\"900\" height=\"600\" srcset=\"https:\/\/zimmerer-holzbauer.de\/web\/wp-content\/uploads\/2015\/10\/slide1-900x600.jpg 900w, https:\/\/zimmerer-holzbauer.de\/web\/wp-content\/uploads\/2015\/10\/slide1-525x350.jpg 525w, https:\/\/zimmerer-holzbauer.de\/web\/wp-content\/uploads\/2015\/10\/slide1.jpg 1024w\" sizes=\"(max-width: 900px) 100vw, 900px\" \/><\/p>\n<p><strong>Innungsbetriebe bieten Vorteile<\/strong><\/p>\n<p>Wenn Sie sich bei Ihrer Auftragsvergabe f\u00fcr einen Innungsfachbetrieb entscheiden, gehen Sie auf Nummer sicher \u2013 fachlich, rechtlich und auch aus Gr\u00fcnden, die man unter dem Begriff \u201eSt\u00e4rkung der Region\u201c einordnen kann.<\/p>\n<p>Die meistergef\u00fchrten Innungsfachbetriebe stehen f\u00fcr solide Arbeit, hochwertige Produktqualit\u00e4t und eine gute Ausbildung. Gerade in solchen sensiblen Bereichen wie z.B. dem Dach oder der Geb\u00e4udeh\u00fclle, ist es wichtig, sich mit einem hohen Qualit\u00e4tsanspruch an die beteiligten Handwerker abzusichern. Billigangebote f\u00fchren h\u00e4ufig zu kostentr\u00e4chtigen Folgesch\u00e4den aufgrund von Konstruktions- und Ausf\u00fchrungsm\u00e4ngeln.<\/p>\n<p>Innungsfachbetriebe zahlen tarifliche Verg\u00fctungen und sind grunds\u00e4tzlich den Sozialkassen des Baugewerbes angeschlossen. Sie schaffen Arbeits- und Ausbildungspl\u00e4tze in der Region und ihre Steuern flie\u00dfen in die kommunalen Kassen. Die Fachbetriebe der Zimmerer-Innung G\u00fctersloh tragen durch die intensive Nutzung und Verarbeitung des Werkstoffes Holz nicht nur aktiv zum Klimaschutz bei, sondern sind auch eine wichtige S\u00e4ule einer funktionsf\u00e4higen Gesellschaft.<\/p>\n","protected":false},"excerpt":{"rendered":"<p>Innungsbetriebe bieten Vorteile Wenn Sie sich bei Ihrer Auftragsvergabe f\u00fcr einen Innungsfachbetrieb entscheiden, gehen Sie auf Nummer sicher \u2013 fachlich, rechtlich und auch aus Gr\u00fcnden, die man unter dem Begriff \u201eSt\u00e4rkung der Region\u201c einordnen kann. Die meistergef\u00fchrten Innungsfachbetriebe stehen f\u00fcr solide Arbeit, hochwertige Produktqualit\u00e4t und eine gute Ausbildung. Gerade in solchen sensiblen Bereichen wie z.B. [&hellip;]<\/p>\n","protected":false},"author":1,"featured_media":0,"parent":0,"menu_order":0,"comment_status":"closed","ping_status":"closed","template":"","meta":[],"_links":{"self":[{"href":"https:\/\/zimmerer-holzbauer.de\/web\/wp-json\/wp\/v2\/pages\/27"}],"collection":[{"href":"https:\/\/zimmerer-holzbauer.de\/web\/wp-json\/wp\/v2\/pages"}],"about":[{"href":"https:\/\/zimmerer-holzbauer.de\/web\/wp-json\/wp\/v2\/types\/page"}],"author":[{"embeddable":true,"href":"https:\/\/zimmerer-holzbauer.de\/web\/wp-json\/wp\/v2\/users\/1"}],"replies":[{"embeddable":true,"href":"https:\/\/zimmerer-holzbauer.de\/web\/wp-json\/wp\/v2\/comments?post=27"}],"version-history":[{"count":3,"href":"https:\/\/zimmerer-holzbauer.de\/web\/wp-json\/wp\/v2\/pages\/27\/revisions"}],"predecessor-version":[{"id":68,"href":"https:\/\/zimmerer-holzbauer.de\/web\/wp-json\/wp\/v2\/pages\/27\/revisions\/68"}],"wp:attachment":[{"href":"https:\/\/zimmerer-holzbauer.de\/web\/wp-json\/wp\/v2\/media?parent=27"}],"curies":[{"name":"wp","href":"https:\/\/api.w.org\/{rel}","templated":true}]}}