{"id":30,"date":"2015-10-11T23:42:22","date_gmt":"2015-10-11T23:42:22","guid":{"rendered":"http:\/\/zimmerer-holzbauer.de\/web\/?page_id=30"},"modified":"2015-10-22T08:02:25","modified_gmt":"2015-10-22T08:02:25","slug":"ausbildung","status":"publish","type":"page","link":"https:\/\/zimmerer-holzbauer.de\/web\/ausbildung\/","title":{"rendered":"Ausbildung"},"content":{"rendered":"<p><img decoding=\"async\" loading=\"lazy\" class=\"alignnone size-medium wp-image-18\" src=\"https:\/\/zimmerer-holzbauer.de\/web\/wp-content\/uploads\/2015\/10\/slideausbildung-900x600.jpg\" alt=\"WIR BILDEN AUS\" width=\"900\" height=\"600\" srcset=\"https:\/\/zimmerer-holzbauer.de\/web\/wp-content\/uploads\/2015\/10\/slideausbildung-900x600.jpg 900w, https:\/\/zimmerer-holzbauer.de\/web\/wp-content\/uploads\/2015\/10\/slideausbildung-525x350.jpg 525w, https:\/\/zimmerer-holzbauer.de\/web\/wp-content\/uploads\/2015\/10\/slideausbildung.jpg 1200w\" sizes=\"(max-width: 900px) 100vw, 900px\" \/><\/p>\n<p><strong>Ausbildung<\/strong><\/p>\n<p>Das Zimmerer-Handwerk sucht junge Leute mit technischem Verst\u00e4ndnis, handwerklichem Geschick und Liebe zum Werkstoff Holz. Moderne Holzh\u00e4user, Dachgeschossausbau, Einbau von Solar- und Photovoltaikanlagen und die Verbesserung der W\u00e4rmed\u00e4mmung im\u00a0\u00a0 Fassaden-, Wand- und Dachbereich z\u00e4hlen neben klassischen Dachstuhlkonstruktionen zu den Kernbereichen dieses Handwerks. Wer sich f\u00fcr diesen Beruf interessiert, sollte r\u00e4umliches Vorstellungsverm\u00f6gen mitbringen und sich auch nicht scheuen, gelegentlich bei Wind und Wetter drau\u00dfen zu arbeiten. Handarbeit ist nach wie vor gefordert, aber der Umgang mit CNC-gesteuerten Maschinen f\u00fcr die Fertigung von Bauteilen ist mittlerweile Betriebsalltag. Das Zimmerer-Handwerk ist eben ein moderner Beruf mit uralter Tradition. Eine Lehre im Zimmerer-Handwerk ist die ideale Voraussetzung f\u00fcr alle, die weiter vorankommen m\u00f6chten.<\/p>\n<p><a href=\"http:\/\/handwerk.de\/ausbildung\/ausbildungsablauf\" target=\"_blank\">So geht Ausbildung im Handwerk!<\/a><\/p>\n<p>&nbsp;<\/p>\n","protected":false},"excerpt":{"rendered":"<p>Ausbildung Das Zimmerer-Handwerk sucht junge Leute mit technischem Verst\u00e4ndnis, handwerklichem Geschick und Liebe zum Werkstoff Holz. Moderne Holzh\u00e4user, Dachgeschossausbau, Einbau von Solar- und Photovoltaikanlagen und die Verbesserung der W\u00e4rmed\u00e4mmung im\u00a0\u00a0 Fassaden-, Wand- und Dachbereich z\u00e4hlen neben klassischen Dachstuhlkonstruktionen zu den Kernbereichen dieses Handwerks. Wer sich f\u00fcr diesen Beruf interessiert, sollte r\u00e4umliches Vorstellungsverm\u00f6gen mitbringen und sich [&hellip;]<\/p>\n","protected":false},"author":1,"featured_media":0,"parent":0,"menu_order":0,"comment_status":"closed","ping_status":"closed","template":"","meta":[],"_links":{"self":[{"href":"https:\/\/zimmerer-holzbauer.de\/web\/wp-json\/wp\/v2\/pages\/30"}],"collection":[{"href":"https:\/\/zimmerer-holzbauer.de\/web\/wp-json\/wp\/v2\/pages"}],"about":[{"href":"https:\/\/zimmerer-holzbauer.de\/web\/wp-json\/wp\/v2\/types\/page"}],"author":[{"embeddable":true,"href":"https:\/\/zimmerer-holzbauer.de\/web\/wp-json\/wp\/v2\/users\/1"}],"replies":[{"embeddable":true,"href":"https:\/\/zimmerer-holzbauer.de\/web\/wp-json\/wp\/v2\/comments?post=30"}],"version-history":[{"count":2,"href":"https:\/\/zimmerer-holzbauer.de\/web\/wp-json\/wp\/v2\/pages\/30\/revisions"}],"predecessor-version":[{"id":78,"href":"https:\/\/zimmerer-holzbauer.de\/web\/wp-json\/wp\/v2\/pages\/30\/revisions\/78"}],"wp:attachment":[{"href":"https:\/\/zimmerer-holzbauer.de\/web\/wp-json\/wp\/v2\/media?parent=30"}],"curies":[{"name":"wp","href":"https:\/\/api.w.org\/{rel}","templated":true}]}}