{"id":34,"date":"2015-10-11T23:44:12","date_gmt":"2015-10-11T23:44:12","guid":{"rendered":"http:\/\/zimmerer-holzbauer.de\/web\/?page_id=34"},"modified":"2020-12-09T09:54:33","modified_gmt":"2020-12-09T09:54:33","slug":"innungsvorstand","status":"publish","type":"page","link":"https:\/\/zimmerer-holzbauer.de\/web\/innungsvorstand\/","title":{"rendered":"Innungsvorstand"},"content":{"rendered":"<p>Unserer Innung geh\u00f6ren\u00a0derzeit\u00a034 Mitgliedsbetriebe an, in denen etwa 180 Mitarbeiter besch\u00e4ftigt sind und 36 Lehrlinge ausgebildet werden.\u00a0Ihr Einzugsbereich erstreckt sich \u00fcber das gesamte Kreisgebiet G\u00fctersloh. Die Mitgliedsbetriebe erbringen Ihre Dienstleistungen im gesamten Bereich Ostwestfalens und dar\u00fcber hinaus.<\/p>\n<p><strong>Frank Vielst\u00e4dte<\/strong><br \/>\nObermeister<br \/>\nTecklenburger Weg 28, 33442 Herzebrock-Clarholz<br \/>\nTelefon: 05245\/844070<br \/>\nE-mail: f.vielstaedte@vielstaedte-holzbau.de<\/p>\n<p><strong>Michael Petermeier<br \/>\n<\/strong>stellv. Obermeister<br \/>\nWeststr. 10, 33397 Rietberg<br \/>\nTelefon: 02944\/449<br \/>\nE-Mail: michael.petermeier@holzbau-petermeier.de<\/p>\n<p><strong>Rolf Robert Meise<\/strong><br \/>\nLehrlingswart<br \/>\nK\u00f6rnerstr. 5a, 33803 Steinhagen<br \/>\nTelefon:\u00a005204\/38 04<br \/>\nE-Mail: info@zimmerei-meise.de<\/p>\n<p><strong>Michael Thiesbrummel<\/strong><br \/>\nMitglied des Vorstandes<br \/>\nDalkeweg 173, 33415 Verl<br \/>\nTelefon: 05246\/93 56 80<br \/>\nE-Mail: info@verler-holzbau.de<\/p>\n<p><strong>Hubert Br\u00fcggenj\u00fcrgen jun.<\/strong><br \/>\nMitglied des Vorstandes<br \/>\nTegelheide 1, 33397 Rietberg<br \/>\nTelefon: 05244\/2519<br \/>\nE-Mail: info@zimmerei-brueggenjuergen.de<\/p>\n","protected":false},"excerpt":{"rendered":"<p>Unserer Innung geh\u00f6ren\u00a0derzeit\u00a034 Mitgliedsbetriebe an, in denen etwa 180 Mitarbeiter besch\u00e4ftigt sind und 36 Lehrlinge ausgebildet werden.\u00a0Ihr Einzugsbereich erstreckt sich \u00fcber das gesamte Kreisgebiet G\u00fctersloh. Die Mitgliedsbetriebe erbringen Ihre Dienstleistungen im gesamten Bereich Ostwestfalens und dar\u00fcber hinaus. Frank Vielst\u00e4dte Obermeister Tecklenburger Weg 28, 33442 Herzebrock-Clarholz Telefon: 05245\/844070 E-mail: f.vielstaedte@vielstaedte-holzbau.de Michael Petermeier stellv. Obermeister Weststr. 10, [&hellip;]<\/p>\n","protected":false},"author":1,"featured_media":0,"parent":0,"menu_order":0,"comment_status":"closed","ping_status":"closed","template":"","meta":[],"_links":{"self":[{"href":"https:\/\/zimmerer-holzbauer.de\/web\/wp-json\/wp\/v2\/pages\/34"}],"collection":[{"href":"https:\/\/zimmerer-holzbauer.de\/web\/wp-json\/wp\/v2\/pages"}],"about":[{"href":"https:\/\/zimmerer-holzbauer.de\/web\/wp-json\/wp\/v2\/types\/page"}],"author":[{"embeddable":true,"href":"https:\/\/zimmerer-holzbauer.de\/web\/wp-json\/wp\/v2\/users\/1"}],"replies":[{"embeddable":true,"href":"https:\/\/zimmerer-holzbauer.de\/web\/wp-json\/wp\/v2\/comments?post=34"}],"version-history":[{"count":5,"href":"https:\/\/zimmerer-holzbauer.de\/web\/wp-json\/wp\/v2\/pages\/34\/revisions"}],"predecessor-version":[{"id":585,"href":"https:\/\/zimmerer-holzbauer.de\/web\/wp-json\/wp\/v2\/pages\/34\/revisions\/585"}],"wp:attachment":[{"href":"https:\/\/zimmerer-holzbauer.de\/web\/wp-json\/wp\/v2\/media?parent=34"}],"curies":[{"name":"wp","href":"https:\/\/api.w.org\/{rel}","templated":true}]}}