{"id":56,"date":"2015-10-12T00:16:27","date_gmt":"2015-10-12T00:16:27","guid":{"rendered":"http:\/\/zimmerer-holzbauer.de\/web\/?page_id=56"},"modified":"2022-08-31T08:00:19","modified_gmt":"2022-08-31T08:00:19","slug":"impressumdatenschutz","status":"publish","type":"page","link":"https:\/\/zimmerer-holzbauer.de\/web\/impressumdatenschutz\/","title":{"rendered":"Impressum"},"content":{"rendered":"<p><strong>Anbieterkennzeichnung nach \u00a7 5 Telemediengesetz (TMG)<\/strong><\/p>\n<p><strong>Zimmerer-Innung G\u00fctersloh<\/strong><br \/>\nDie Zimmerer-Innung G\u00fctersloh ist eine K\u00f6rperschaft des \u00f6ffentlichen Rechts und betreibt das Portal des Zimmererhandwerks f\u00fcr den Kreis G\u00fctersloh unter der Internet-Domain www.zimmerer-holzbauer.de.<\/p>\n<p><strong>Vorstand \/ Gesch\u00e4ftsf\u00fchrung:<\/strong><br \/>\nDie Zimmerer-Innung G\u00fctersloh wird vertreten durch Stefan Petermeier (Obermeister) und Alexander Kostka (Gesch\u00e4ftsf\u00fchrer).<\/p>\n<p><strong>Redaktionelle Verantwortung gem\u00e4\u00df \u00a7 55 Abs. 2 Rundfunkstaatsvertrag:<\/strong><br \/>\nAlexander Kostka<br \/>\nT. +49 (0)5241 \/ 23 48 4-0<br \/>\n<a href=\"mailto:info@kh-gt.de\" target=\"_blank\" rel=\"noopener noreferrer\">info@kh-gt.de<\/a><\/p>\n<p><strong>Anschrift:<\/strong><br \/>\nZimmerer-Innung G\u00fctersloh<br \/>\nEickhoffstr. 3<br \/>\nD-33330 G\u00fctersloh<br \/>\nT. +49 (0) 52 41 \/ 23 48 4-0<br \/>\nF. +49 (0) 52 41 \/ 23 48 4-10<br \/>\n<a href=\"mailto:info@zimmerer-holzbauer.de\" target=\"_blank\" rel=\"noopener noreferrer\">info@zimmerer-holzbauer.de<\/a><\/p>\n<p><strong>Aufsichtsbeh\u00f6rde:<\/strong><br \/>\nHandwerkskammer Ostwestfalen-Lippe zu Bielefeld<br \/>\nCampus Handwerk 1, 33613 Bielefeld<br \/>\n<a href=\"http:\/\/www.hwk-owl.de\" target=\"_blank\" rel=\"noopener noreferrer\">www.hwk-owl.de<\/a><\/p>\n<p><strong>Fotos:<\/strong> <a href=\"http:\/\/www.mdmphoto.de\" target=\"_blank\" rel=\"noopener noreferrer\">mike-dennis mueller photographie<\/a><\/p>\n<p><strong>1. Webseiten-Inhalt<\/strong><br \/>\nWir versuchen den Inhalt unserer Webseite so aktuell wie m\u00f6glich zu halten. Wir k\u00f6nnen jedoch nicht garantieren, dass\u00a0 einzelne Artikel oder sonstige Seiteninhalte aktuell sind. Wir k\u00f6nnen ebenso nicht garantieren, dass die Seiteninhalte vollst\u00e4ndig und korrekt sind. Auch erteilen wir auf unserer Seite keine Rechtsberatung. Eine Gew\u00e4hr f\u00fcr die Richtigkeit der erteilten Informationen k\u00f6nnen wir nicht \u00fcbernehmen.<\/p>\n<p>Das auf dieser Webseite verwendete Bildmaterial ist lizenzpflichtig. Das Herunterladen und jedwede Verwendung ist untersagt. Bei Zuwiderhandlung k\u00f6nnen Schadensersatzanspr\u00fcche seitens der Lizenzgeber erfolgen, f\u00fcr die von uns keine Haftung \u00fcbernommen wird.<\/p>\n<p><strong>2. Haftung<\/strong><br \/>\nSoweit von unserer Webseite auf andere Webseiten verlinkt wird, machen wir uns die fremden Inhalte ausdr\u00fccklich nicht zu eigen. Sofern wir Kenntnis von rechtswidrigen Inhalten auf externen Webseiten erhalten, werden wir den Zugang zu diesen Seiten unverz\u00fcglich sperren. Unsere Haftung und die unserer Erf\u00fcllungsgehilfen beschr\u00e4nkt sich auf leichte Fahrl\u00e4ssigkeit und nur auf den vorhersehbaren, unmittelbaren Durchschnittsschaden, soweit er f\u00fcr das zwischen Ihnen und uns bestehende Verh\u00e4ltnis von Anbieter und Nutzer typisch ist. Bei leicht fahrl\u00e4ssigen Verletzungen unwesentlicher Pflichten unsererseits besteht keine Haftung. Die Haftungsbeschr\u00e4nkungen betreffen selbstverst\u00e4ndlich keine Anspr\u00fcche aus Produkthaftung, Garantie oder K\u00f6rper- und Gesundheitssch\u00e4den oder bei Verlust des Lebens.<\/p>\n","protected":false},"excerpt":{"rendered":"<p>Anbieterkennzeichnung nach \u00a7 5 Telemediengesetz (TMG) Zimmerer-Innung G\u00fctersloh Die Zimmerer-Innung G\u00fctersloh ist eine K\u00f6rperschaft des \u00f6ffentlichen Rechts und betreibt das Portal des Zimmererhandwerks f\u00fcr den Kreis G\u00fctersloh unter der Internet-Domain www.zimmerer-holzbauer.de. Vorstand \/ Gesch\u00e4ftsf\u00fchrung: Die Zimmerer-Innung G\u00fctersloh wird vertreten durch Stefan Petermeier (Obermeister) und Alexander Kostka (Gesch\u00e4ftsf\u00fchrer). Redaktionelle Verantwortung gem\u00e4\u00df \u00a7 55 Abs. 2 Rundfunkstaatsvertrag: [&hellip;]<\/p>\n","protected":false},"author":1,"featured_media":0,"parent":0,"menu_order":0,"comment_status":"closed","ping_status":"closed","template":"","meta":[],"_links":{"self":[{"href":"https:\/\/zimmerer-holzbauer.de\/web\/wp-json\/wp\/v2\/pages\/56"}],"collection":[{"href":"https:\/\/zimmerer-holzbauer.de\/web\/wp-json\/wp\/v2\/pages"}],"about":[{"href":"https:\/\/zimmerer-holzbauer.de\/web\/wp-json\/wp\/v2\/types\/page"}],"author":[{"embeddable":true,"href":"https:\/\/zimmerer-holzbauer.de\/web\/wp-json\/wp\/v2\/users\/1"}],"replies":[{"embeddable":true,"href":"https:\/\/zimmerer-holzbauer.de\/web\/wp-json\/wp\/v2\/comments?post=56"}],"version-history":[{"count":10,"href":"https:\/\/zimmerer-holzbauer.de\/web\/wp-json\/wp\/v2\/pages\/56\/revisions"}],"predecessor-version":[{"id":658,"href":"https:\/\/zimmerer-holzbauer.de\/web\/wp-json\/wp\/v2\/pages\/56\/revisions\/658"}],"wp:attachment":[{"href":"https:\/\/zimmerer-holzbauer.de\/web\/wp-json\/wp\/v2\/media?parent=56"}],"curies":[{"name":"wp","href":"https:\/\/api.w.org\/{rel}","templated":true}]}}